{"id":62,"date":"2023-09-27T06:37:51","date_gmt":"2023-09-27T04:37:51","guid":{"rendered":"https:\/\/lejournalduneculottee.fr\/?page_id=62"},"modified":"2023-09-27T06:37:51","modified_gmt":"2023-09-27T04:37:51","slug":"a-propos","status":"publish","type":"page","link":"https:\/\/lejournalduneculottee.fr\/index.php\/a-propos\/","title":{"rendered":"A propos"},"content":{"rendered":"<p>[et_pb_section fb_built=&#8221;1&#8243; admin_label=&#8221;Header&#8221; _builder_version=&#8221;4.22.1&#8243; _module_preset=&#8221;default&#8221; background_color=&#8221;#fcbc98&#8243; hover_enabled=&#8221;0&#8243; global_colors_info=&#8221;{}&#8221; sticky_enabled=&#8221;0&#8243;][et_pb_row _builder_version=&#8221;4.16&#8243; _module_preset=&#8221;default&#8221; global_colors_info=&#8221;{}&#8221;][et_pb_column type=&#8221;4_4&#8243; _builder_version=&#8221;4.16&#8243; _module_preset=&#8221;default&#8221; global_colors_info=&#8221;{}&#8221;][et_pb_text _builder_version=&#8221;4.16&#8243; _module_preset=&#8221;e598b17a-9229-42f6-b238-019d6094332e&#8221; header_font=&#8221;Vidaloka||||||||&#8221; header_text_align=&#8221;center&#8221; header_text_color=&#8221;#161616&#8243; header_font_size=&#8221;60px&#8221; header_line_height=&#8221;1.15em&#8221; custom_margin=&#8221;||-1px||false|false&#8221; hover_enabled=&#8221;0&#8243; header_font_size_tablet=&#8221;40px&#8221; header_font_size_phone=&#8221;24px&#8221; header_font_size_last_edited=&#8221;on|desktop&#8221; locked=&#8221;off&#8221; global_colors_info=&#8221;{}&#8221; sticky_enabled=&#8221;0&#8243;]<\/p>\n<h1><span style=\"color: #ff852f;\">\u273f <\/span><span style=\"color: #ff852f;\">A propos de moi \u273f<\/span><\/h1>\n<p>[\/et_pb_text][et_pb_text _builder_version=&#8221;4.16&#8243; _module_preset=&#8221;7262e956-c376-4aa6-9642-c413f71527d0&#8243; text_line_height=&#8221;1.8em&#8221; text_orientation=&#8221;center&#8221; max_width=&#8221;800px&#8221; module_alignment=&#8221;center&#8221; text_font_size_tablet=&#8221;&#8221; text_font_size_phone=&#8221;13px&#8221; text_font_size_last_edited=&#8221;on|phone&#8221; header_font_size_tablet=&#8221;55px&#8221; header_font_size_last_edited=&#8221;off|desktop&#8221; locked=&#8221;off&#8221; global_colors_info=&#8221;{}&#8221;]<\/p>\n<p><span style=\"color: #ffffff;\"><strong>Pendant sept ans,<\/strong> de 2014 \u00e0 2020, j&#8217;ai blogg\u00e9 sous le nom d&#8217;<span style=\"text-decoration: underline;\"><strong><a href=\"https:\/\/emilisterique.blogspot.com\/\">Emilist\u00e9rique<\/a><\/strong><\/span> <em>(ce blog existe toujours)<\/em> et j&#8217;ai eu envie de <strong>revenir \u00e0 mes premiers amours<\/strong> avec une nouvelle version ! Ecrire et partager, sur n&#8217;importe quel sujet, c&#8217;est mon exutoire, ma r\u00e9cr\u00e9ation en dehors de mon entreprise de <strong>Coaching Business<\/strong>. <em><strong>Alors suis-moi, je t&#8217;embarque dans mon univers aussi color\u00e9 que fleuri !<\/strong><\/em><\/span><\/p>\n<p>[\/et_pb_text][\/et_pb_column][\/et_pb_row][\/et_pb_section][et_pb_section fb_built=&#8221;1&#8243; admin_label=&#8221;About&#8221; _builder_version=&#8221;4.22.1&#8243; _module_preset=&#8221;default&#8221; background_color=&#8221;#fcbc98&#8243; custom_padding=&#8221;0px||||false|false&#8221; hover_enabled=&#8221;0&#8243; global_colors_info=&#8221;{}&#8221; sticky_enabled=&#8221;0&#8243;][et_pb_row column_structure=&#8221;1_2,1_2&#8243; custom_padding_last_edited=&#8221;on|phone&#8221; _builder_version=&#8221;4.22.1&#8243; _module_preset=&#8221;default&#8221; background_enable_color=&#8221;off&#8221; custom_padding=&#8221;0px|60px|0px|60px|true|true&#8221; custom_padding_tablet=&#8221;|0px||0px|true|true&#8221; custom_padding_phone=&#8221;||||true|false&#8221; hover_enabled=&#8221;0&#8243; global_colors_info=&#8221;{}&#8221; sticky_enabled=&#8221;0&#8243;][et_pb_column type=&#8221;1_2&#8243; _builder_version=&#8221;4.16&#8243; _module_preset=&#8221;default&#8221; global_colors_info=&#8221;{}&#8221;][et_pb_image src=&#8221;http:\/\/lejournalduneculottee.fr\/wp-content\/uploads\/2023\/09\/PSX_20230711_114307.jpg&#8221; title_text=&#8221;PSX_20230711_114307&#8243; _builder_version=&#8221;4.22.1&#8243; _module_preset=&#8221;default&#8221; module_alignment_tablet=&#8221;center&#8221; module_alignment_last_edited=&#8221;off|desktop&#8221; global_colors_info=&#8221;{}&#8221;][\/et_pb_image][\/et_pb_column][et_pb_column type=&#8221;1_2&#8243; _builder_version=&#8221;4.22.1&#8243; _module_preset=&#8221;default&#8221; background_color=&#8221;#a7d8ce&#8221; transform_scale_tablet=&#8221;&#8221; transform_scale_phone=&#8221;&#8221; transform_scale_last_edited=&#8221;on|desktop&#8221; transform_translate=&#8221;-80px|80px&#8221; transform_translate_tablet=&#8221;0px|0px&#8221; transform_translate_phone=&#8221;&#8221; transform_translate_last_edited=&#8221;on|phone&#8221; transform_translate_linked=&#8221;off&#8221; transform_rotate_tablet=&#8221;&#8221; transform_rotate_phone=&#8221;&#8221; transform_rotate_last_edited=&#8221;on|desktop&#8221; transform_skew_tablet=&#8221;&#8221; transform_skew_phone=&#8221;&#8221; transform_skew_last_edited=&#8221;on|desktop&#8221; transform_origin_tablet=&#8221;&#8221; transform_origin_phone=&#8221;&#8221; transform_origin_last_edited=&#8221;on|desktop&#8221; transform_styles_last_edited=&#8221;on|phone&#8221; custom_padding=&#8221;40px|40px|40px|40px|true|true&#8221; custom_padding_tablet=&#8221;30px|30px|30px|30px|true|true&#8221; custom_padding_phone=&#8221;20px|20px|20px|20px|true|true&#8221; custom_padding_last_edited=&#8221;on|phone&#8221; hover_enabled=&#8221;0&#8243; transform_styles_tablet=&#8221;&#8221; transform_styles_phone=&#8221;&#8221; global_colors_info=&#8221;{}&#8221; sticky_enabled=&#8221;0&#8243;][et_pb_text _builder_version=&#8221;4.22.1&#8243; _module_preset=&#8221;003e9429-8e11-4d9e-968b-8881092bbf81&#8243; header_text_color=&#8221;#FFFFFF&#8221; header_2_font=&#8221;Vidaloka||||||||&#8221; header_2_text_color=&#8221;#161616&#8243; header_2_font_size=&#8221;40px&#8221; header_2_line_height=&#8221;1.35em&#8221; header_2_font_size_tablet=&#8221;30px&#8221; header_2_font_size_phone=&#8221;20px&#8221; header_2_font_size_last_edited=&#8221;on|desktop&#8221; locked=&#8221;off&#8221; global_colors_info=&#8221;{}&#8221;]<\/p>\n<h2><span style=\"color: #ffffff;\">Le Journal d&#8217;une Culott\u00e9e, c&#8217;est qui ?<\/span><\/h2>\n<p>[\/et_pb_text][et_pb_text _builder_version=&#8221;4.16&#8243; _module_preset=&#8221;7262e956-c376-4aa6-9642-c413f71527d0&#8243; text_line_height=&#8221;1.8em&#8221; text_font_size_tablet=&#8221;&#8221; text_font_size_phone=&#8221;13px&#8221; text_font_size_last_edited=&#8221;on|phone&#8221; header_font_size_tablet=&#8221;55px&#8221; header_font_size_last_edited=&#8221;off|desktop&#8221; locked=&#8221;off&#8221; global_colors_info=&#8221;{}&#8221;]<\/p>\n<p><span style=\"color: #ffffff;\">Je suis <strong>Emilie Hulot<\/strong>, et depuis toujours, les jeux de mots sur mon nom de famille vont bon train ! Mais il y en a un que j&#8217;aime particuli\u00e8rement, c&#8217;est <em><strong>&#8220;Emilie Culot&#8221;<\/strong><\/em>. C&#8217;est comme \u00e7a qu&#8217;est n\u00e9 le nom de ce blog.<\/span><\/p>\n<p><span style=\"color: #ffffff;\">J&#8217;ai bient\u00f4t <strong>30 ans<\/strong>, et je suis maman d&#8217;un petit <strong>Tahoma<\/strong>. J&#8217;ai mont\u00e9 ma premi\u00e8re entreprise \u00e0 25 ans et j&#8217;ai d\u00e9j\u00e0 eu mille vies ! <em>R\u00e9dactrice de magazines, cr\u00e9atrice de contenus, fleuriste, animatrice jeunes enfants, charg\u00e9e de communication&#8230;<\/em> <strong>Bref, des choses \u00e0 raconter, j&#8217;en ai des tonnes !<\/strong> Et c&#8217;est ce que je te propose de faire ici.<\/span><\/p>\n<p><span style=\"color: #ffffff;\"><strong>Je suis une touche-\u00e0-tout :<\/strong> <em>photographie, mode, beaut\u00e9, cuisine, films et s\u00e9ries, couture, peinture, sorties, d\u00e9co, jardinage, dev perso, lecture&#8230;<\/em> Je t&#8217;embarque dans mes passions avec du <strong>peps<\/strong> et beaucoup <strong>d&#8217;humour<\/strong>. On y va ?<\/span><\/p>\n<p><span style=\"color: #ffffff;\"><\/span><\/p>\n<p>[\/et_pb_text][\/et_pb_column][\/et_pb_row][et_pb_row column_structure=&#8221;1_4,1_4,1_4,1_4&#8243; use_custom_gutter=&#8221;on&#8221; gutter_width=&#8221;2&#8243; custom_padding_last_edited=&#8221;on|phone&#8221; _builder_version=&#8221;4.16&#8243; _module_preset=&#8221;default&#8221; background_color=&#8221;#FFFFFF&#8221; custom_margin=&#8221;-100px||||false|false&#8221; custom_padding=&#8221;140px|40px|40px|40px|false|true&#8221; custom_padding_tablet=&#8221;30px|30px|30px|30px|true|true&#8221; custom_padding_phone=&#8221;20px|20px|20px|20px|true|true&#8221; global_colors_info=&#8221;{}&#8221;][et_pb_column type=&#8221;1_4&#8243; _builder_version=&#8221;4.16&#8243; _module_preset=&#8221;default&#8221; global_colors_info=&#8221;{}&#8221;][et_pb_blurb title=&#8221;J&#8217;habite \u00e0&#8221; image=&#8221;http:\/\/lejournalduneculottee.fr\/wp-content\/uploads\/2023\/09\/PSX_20210709_172708-scaled.jpg&#8221; _builder_version=&#8221;4.22.1&#8243; _module_preset=&#8221;default&#8221; header_font=&#8221;|700|||||||&#8221; header_text_align=&#8221;center&#8221; header_text_color=&#8221;#f6aec0&#8243; header_font_size=&#8221;14px&#8221; header_line_height=&#8221;1.2em&#8221; body_font=&#8221;Vidaloka||||||||&#8221; body_text_align=&#8221;center&#8221; body_text_color=&#8221;#161616&#8243; body_font_size=&#8221;24px&#8221; body_line_height=&#8221;1.8em&#8221; hover_enabled=&#8221;0&#8243; body_font_size_tablet=&#8221;20px&#8221; body_font_size_phone=&#8221;18px&#8221; body_font_size_last_edited=&#8221;on|phone&#8221; global_colors_info=&#8221;{}&#8221; sticky_enabled=&#8221;0&#8243; title_text=&#8221;Toulouse &#8211; Emilie Hulot&#8221;]<\/p>\n<p>Toulouse<\/p>\n<p>[\/et_pb_blurb][\/et_pb_column][et_pb_column type=&#8221;1_4&#8243; _builder_version=&#8221;4.16&#8243; _module_preset=&#8221;default&#8221; global_colors_info=&#8221;{}&#8221;][et_pb_blurb title=&#8221;Mes humains pr\u00e9f\u00e9r\u00e9s&#8221; image=&#8221;http:\/\/lejournalduneculottee.fr\/wp-content\/uploads\/2023\/09\/PSX_20230927_063117-scaled.jpg&#8221; _builder_version=&#8221;4.22.1&#8243; _module_preset=&#8221;default&#8221; header_font=&#8221;|700|||||||&#8221; header_text_align=&#8221;center&#8221; header_text_color=&#8221;#f6aec0&#8243; header_font_size=&#8221;14px&#8221; header_line_height=&#8221;1.2em&#8221; body_font=&#8221;Vidaloka||||||||&#8221; body_text_align=&#8221;center&#8221; body_text_color=&#8221;#161616&#8243; body_font_size=&#8221;24px&#8221; body_line_height=&#8221;1.8em&#8221; hover_enabled=&#8221;0&#8243; body_font_size_tablet=&#8221;20px&#8221; body_font_size_phone=&#8221;18px&#8221; body_font_size_last_edited=&#8221;on|phone&#8221; global_colors_info=&#8221;{}&#8221; sticky_enabled=&#8221;0&#8243; title_text=&#8221;Famille &#8211; Emilie Hulot&#8221;]<\/p>\n<p>J\u00e9r\u00e9my &amp; Tahoma<\/p>\n<p>[\/et_pb_blurb][\/et_pb_column][et_pb_column type=&#8221;1_4&#8243; _builder_version=&#8221;4.16&#8243; _module_preset=&#8221;default&#8221; global_colors_info=&#8221;{}&#8221;][et_pb_blurb title=&#8221;Mon m\u00e9tier&#8221; image=&#8221;http:\/\/lejournalduneculottee.fr\/wp-content\/uploads\/2023\/09\/OK_MG_5372-PascalineHofmannPhotographe-1-scaled.jpg&#8221; _builder_version=&#8221;4.22.1&#8243; _module_preset=&#8221;default&#8221; header_font=&#8221;|700|||||||&#8221; header_text_align=&#8221;center&#8221; header_text_color=&#8221;#f6aec0&#8243; header_font_size=&#8221;14px&#8221; header_line_height=&#8221;1.2em&#8221; body_font=&#8221;Vidaloka||||||||&#8221; body_text_align=&#8221;center&#8221; body_text_color=&#8221;#161616&#8243; body_font_size=&#8221;24px&#8221; body_line_height=&#8221;1.8em&#8221; hover_enabled=&#8221;0&#8243; body_font_size_tablet=&#8221;20px&#8221; body_font_size_phone=&#8221;18px&#8221; body_font_size_last_edited=&#8221;on|phone&#8221; global_colors_info=&#8221;{}&#8221; sticky_enabled=&#8221;0&#8243; title_text=&#8221;M\u00e9tier &#8211; Emilie Hulot&#8221;]<\/p>\n<p>Coach business<\/p>\n<p>[\/et_pb_blurb][\/et_pb_column][et_pb_column type=&#8221;1_4&#8243; _builder_version=&#8221;4.16&#8243; _module_preset=&#8221;default&#8221; global_colors_info=&#8221;{}&#8221;][et_pb_blurb title=&#8221;P\u00e9ch\u00e9 mignon&#8221; image=&#8221;http:\/\/lejournalduneculottee.fr\/wp-content\/uploads\/2023\/09\/PSX_20230927_063442-scaled.jpg&#8221; _builder_version=&#8221;4.22.1&#8243; _module_preset=&#8221;default&#8221; header_font=&#8221;|700|||||||&#8221; header_text_align=&#8221;center&#8221; header_text_color=&#8221;#f6aec0&#8243; header_font_size=&#8221;14px&#8221; header_line_height=&#8221;1.2em&#8221; body_font=&#8221;Vidaloka||||||||&#8221; body_text_align=&#8221;center&#8221; body_text_color=&#8221;#161616&#8243; body_font_size=&#8221;24px&#8221; body_line_height=&#8221;1.8em&#8221; hover_enabled=&#8221;0&#8243; body_font_size_tablet=&#8221;20px&#8221; body_font_size_phone=&#8221;18px&#8221; body_font_size_last_edited=&#8221;on|phone&#8221; global_colors_info=&#8221;{}&#8221; sticky_enabled=&#8221;0&#8243; title_text=&#8221;P\u00e9ch\u00e9 mignon &#8211; Emilie Hulot&#8221;]<\/p>\n<p>Gourmande \ud83d\ude48<\/p>\n<p>[\/et_pb_blurb][\/et_pb_column][\/et_pb_row][\/et_pb_section]<\/p>\n","protected":false},"excerpt":{"rendered":"<p>\u273f A propos de moi \u273fPendant sept ans, de 2014 \u00e0 2020, j&#8217;ai blogg\u00e9 sous le nom d&#8217;Emilist\u00e9rique (ce blog existe toujours) et j&#8217;ai eu envie de revenir \u00e0 mes premiers amours avec une nouvelle version ! Ecrire et partager, sur n&#8217;importe quel sujet, c&#8217;est mon exutoire, ma r\u00e9cr\u00e9ation en dehors de mon entreprise de [&hellip;]<\/p>\n","protected":false},"author":1,"featured_media":0,"parent":0,"menu_order":0,"comment_status":"closed","ping_status":"closed","template":"","meta":{"_et_pb_use_builder":"on","_et_pb_old_content":"","_et_gb_content_width":"","footnotes":""},"class_list":["post-62","page","type-page","status-publish","hentry"],"_links":{"self":[{"href":"https:\/\/lejournalduneculottee.fr\/index.php\/wp-json\/wp\/v2\/pages\/62","targetHints":{"allow":["GET"]}}],"collection":[{"href":"https:\/\/lejournalduneculottee.fr\/index.php\/wp-json\/wp\/v2\/pages"}],"about":[{"href":"https:\/\/lejournalduneculottee.fr\/index.php\/wp-json\/wp\/v2\/types\/page"}],"author":[{"embeddable":true,"href":"https:\/\/lejournalduneculottee.fr\/index.php\/wp-json\/wp\/v2\/users\/1"}],"replies":[{"embeddable":true,"href":"https:\/\/lejournalduneculottee.fr\/index.php\/wp-json\/wp\/v2\/comments?post=62"}],"version-history":[{"count":6,"href":"https:\/\/lejournalduneculottee.fr\/index.php\/wp-json\/wp\/v2\/pages\/62\/revisions"}],"predecessor-version":[{"id":82,"href":"https:\/\/lejournalduneculottee.fr\/index.php\/wp-json\/wp\/v2\/pages\/62\/revisions\/82"}],"wp:attachment":[{"href":"https:\/\/lejournalduneculottee.fr\/index.php\/wp-json\/wp\/v2\/media?parent=62"}],"curies":[{"name":"wp","href":"https:\/\/api.w.org\/{rel}","templated":true}]}}